{"id":5,"date":"2024-02-11T08:48:18","date_gmt":"2024-02-11T07:48:18","guid":{"rendered":"https:\/\/arenagruppen.se\/produktivitetskom\/?page_id=5"},"modified":"2024-03-11T10:04:22","modified_gmt":"2024-03-11T09:04:22","slug":"rapporter","status":"publish","type":"page","link":"https:\/\/arenagruppen.se\/produktivitetskommissionen\/rapporter\/","title":{"rendered":"Rapporter"},"content":{"rendered":"\n<div class=\"wp-block-media-text alignwide is-stacked-on-mobile has-tertiary-background-color has-background\"><figure class=\"wp-block-media-text__media\"><img fetchpriority=\"high\" decoding=\"async\" width=\"1024\" height=\"1024\" src=\"https:\/\/arenagruppen.se\/produktivitetskom\/wp-content\/uploads\/sites\/13\/2024\/02\/dsc-0046-1024x1024.jpg\" alt=\"\" class=\"wp-image-24 size-full\" srcset=\"https:\/\/arenagruppen.se\/produktivitetskommissionen\/wp-content\/uploads\/sites\/13\/2024\/02\/dsc-0046-1024x1024.jpg 1024w, https:\/\/arenagruppen.se\/produktivitetskommissionen\/wp-content\/uploads\/sites\/13\/2024\/02\/dsc-0046-300x300.jpg 300w, https:\/\/arenagruppen.se\/produktivitetskommissionen\/wp-content\/uploads\/sites\/13\/2024\/02\/dsc-0046-150x150.jpg 150w, https:\/\/arenagruppen.se\/produktivitetskommissionen\/wp-content\/uploads\/sites\/13\/2024\/02\/dsc-0046-768x768.jpg 768w, https:\/\/arenagruppen.se\/produktivitetskommissionen\/wp-content\/uploads\/sites\/13\/2024\/02\/dsc-0046-1536x1536.jpg 1536w, https:\/\/arenagruppen.se\/produktivitetskommissionen\/wp-content\/uploads\/sites\/13\/2024\/02\/dsc-0046-2048x2048.jpg 2048w\" sizes=\"(max-width: 1024px) 100vw, 1024px\" \/><\/figure><div class=\"wp-block-media-text__content\">\n<p><strong>H\u00e4r hittar du rapporter fr\u00e5n Facken inom industrins produktivitetskommission. Samtliga rapporter \u00e4r publicerade av tankesmedjan Arena Id\u00e9.<\/strong><\/p>\n\n\n\n<div class=\"wp-block-buttons is-layout-flex wp-block-buttons-is-layout-flex\">\n<div class=\"wp-block-button\"><a class=\"wp-block-button__link wp-element-button\" href=\"https:\/\/arenaide.se\/rapporter-kategori\/produktivitet\/\">Alla rapporter h\u00e4r<\/a><\/div>\n<\/div>\n<\/div><\/div>\n","protected":false},"excerpt":{"rendered":"","protected":false},"author":1,"featured_media":0,"parent":0,"menu_order":0,"comment_status":"closed","ping_status":"closed","template":"","meta":{"footnotes":""},"class_list":["post-5","page","type-page","status-publish","hentry"],"yoast_head":"<!-- This site is optimized with the Yoast SEO plugin v19.12 - https:\/\/yoast.com\/wordpress\/plugins\/seo\/ -->\n<title>Rapporter - Facken inom industrins produktivitetskommission<\/title>\n<meta name=\"robots\" content=\"index, follow, max-snippet:-1, max-image-preview:large, max-video-preview:-1\" \/>\n<link rel=\"canonical\" href=\"https:\/\/arenagruppen.se\/produktivitetskommissionen\/rapporter\/\" \/>\n<meta property=\"og:locale\" content=\"sv_SE\" \/>\n<meta property=\"og:type\" content=\"article\" \/>\n<meta property=\"og:title\" content=\"Rapporter - Facken inom industrins produktivitetskommission\" \/>\n<meta property=\"og:url\" content=\"https:\/\/arenagruppen.se\/produktivitetskommissionen\/rapporter\/\" \/>\n<meta property=\"og:site_name\" content=\"Facken inom industrins produktivitetskommission\" \/>\n<meta property=\"article:modified_time\" content=\"2024-03-11T09:04:22+00:00\" \/>\n<meta property=\"og:image\" content=\"https:\/\/arenagruppen.se\/produktivitetskom\/wp-content\/uploads\/sites\/13\/2024\/02\/dsc-0046-1024x1024.jpg\" \/>\n<meta name=\"twitter:card\" content=\"summary_large_image\" \/>\n<script type=\"application\/ld+json\" class=\"yoast-schema-graph\">{\"@context\":\"https:\/\/schema.org\",\"@graph\":[{\"@type\":\"WebPage\",\"@id\":\"https:\/\/arenagruppen.se\/produktivitetskommissionen\/rapporter\/\",\"url\":\"https:\/\/arenagruppen.se\/produktivitetskommissionen\/rapporter\/\",\"name\":\"Rapporter - Facken inom industrins produktivitetskommission\",\"isPartOf\":{\"@id\":\"https:\/\/arenagruppen.se\/produktivitetskommissionen\/#website\"},\"datePublished\":\"2024-02-11T07:48:18+00:00\",\"dateModified\":\"2024-03-11T09:04:22+00:00\",\"breadcrumb\":{\"@id\":\"https:\/\/arenagruppen.se\/produktivitetskommissionen\/rapporter\/#breadcrumb\"},\"inLanguage\":\"sv-SE\",\"potentialAction\":[{\"@type\":\"ReadAction\",\"target\":[\"https:\/\/arenagruppen.se\/produktivitetskommissionen\/rapporter\/\"]}]},{\"@type\":\"BreadcrumbList\",\"@id\":\"https:\/\/arenagruppen.se\/produktivitetskommissionen\/rapporter\/#breadcrumb\",\"itemListElement\":[{\"@type\":\"ListItem\",\"position\":1,\"name\":\"Hem\",\"item\":\"https:\/\/arenagruppen.se\/produktivitetskommissionen\/\"},{\"@type\":\"ListItem\",\"position\":2,\"name\":\"Rapporter\"}]},{\"@type\":\"WebSite\",\"@id\":\"https:\/\/arenagruppen.se\/produktivitetskommissionen\/#website\",\"url\":\"https:\/\/arenagruppen.se\/produktivitetskommissionen\/\",\"name\":\"Facken inom industrins produktivitetskommission\",\"description\":\"\",\"publisher\":{\"@id\":\"https:\/\/arenagruppen.se\/produktivitetskommissionen\/#organization\"},\"potentialAction\":[{\"@type\":\"SearchAction\",\"target\":{\"@type\":\"EntryPoint\",\"urlTemplate\":\"https:\/\/arenagruppen.se\/produktivitetskommissionen\/?s={search_term_string}\"},\"query-input\":\"required name=search_term_string\"}],\"inLanguage\":\"sv-SE\"},{\"@type\":\"Organization\",\"@id\":\"https:\/\/arenagruppen.se\/produktivitetskommissionen\/#organization\",\"name\":\"Facken inom industrins produktivitetskommission\",\"url\":\"https:\/\/arenagruppen.se\/produktivitetskommissionen\/\",\"logo\":{\"@type\":\"ImageObject\",\"inLanguage\":\"sv-SE\",\"@id\":\"https:\/\/arenagruppen.se\/produktivitetskommissionen\/#\/schema\/logo\/image\/\",\"url\":\"https:\/\/arenagruppen.se\/produktivitetskommissionen\/wp-content\/uploads\/sites\/13\/2024\/02\/prodkom.png\",\"contentUrl\":\"https:\/\/arenagruppen.se\/produktivitetskommissionen\/wp-content\/uploads\/sites\/13\/2024\/02\/prodkom.png\",\"width\":448,\"height\":367,\"caption\":\"Facken inom industrins produktivitetskommission\"},\"image\":{\"@id\":\"https:\/\/arenagruppen.se\/produktivitetskommissionen\/#\/schema\/logo\/image\/\"}}]}<\/script>\n<!-- \/ Yoast SEO plugin. -->","yoast_head_json":{"title":"Rapporter - Facken inom industrins produktivitetskommission","robots":{"index":"index","follow":"follow","max-snippet":"max-snippet:-1","max-image-preview":"max-image-preview:large","max-video-preview":"max-video-preview:-1"},"canonical":"https:\/\/arenagruppen.se\/produktivitetskommissionen\/rapporter\/","og_locale":"sv_SE","og_type":"article","og_title":"Rapporter - Facken inom industrins produktivitetskommission","og_url":"https:\/\/arenagruppen.se\/produktivitetskommissionen\/rapporter\/","og_site_name":"Facken inom industrins produktivitetskommission","article_modified_time":"2024-03-11T09:04:22+00:00","og_image":[{"url":"https:\/\/arenagruppen.se\/produktivitetskom\/wp-content\/uploads\/sites\/13\/2024\/02\/dsc-0046-1024x1024.jpg"}],"twitter_card":"summary_large_image","schema":{"@context":"https:\/\/schema.org","@graph":[{"@type":"WebPage","@id":"https:\/\/arenagruppen.se\/produktivitetskommissionen\/rapporter\/","url":"https:\/\/arenagruppen.se\/produktivitetskommissionen\/rapporter\/","name":"Rapporter - Facken inom industrins produktivitetskommission","isPartOf":{"@id":"https:\/\/arenagruppen.se\/produktivitetskommissionen\/#website"},"datePublished":"2024-02-11T07:48:18+00:00","dateModified":"2024-03-11T09:04:22+00:00","breadcrumb":{"@id":"https:\/\/arenagruppen.se\/produktivitetskommissionen\/rapporter\/#breadcrumb"},"inLanguage":"sv-SE","potentialAction":[{"@type":"ReadAction","target":["https:\/\/arenagruppen.se\/produktivitetskommissionen\/rapporter\/"]}]},{"@type":"BreadcrumbList","@id":"https:\/\/arenagruppen.se\/produktivitetskommissionen\/rapporter\/#breadcrumb","itemListElement":[{"@type":"ListItem","position":1,"name":"Hem","item":"https:\/\/arenagruppen.se\/produktivitetskommissionen\/"},{"@type":"ListItem","position":2,"name":"Rapporter"}]},{"@type":"WebSite","@id":"https:\/\/arenagruppen.se\/produktivitetskommissionen\/#website","url":"https:\/\/arenagruppen.se\/produktivitetskommissionen\/","name":"Facken inom industrins produktivitetskommission","description":"","publisher":{"@id":"https:\/\/arenagruppen.se\/produktivitetskommissionen\/#organization"},"potentialAction":[{"@type":"SearchAction","target":{"@type":"EntryPoint","urlTemplate":"https:\/\/arenagruppen.se\/produktivitetskommissionen\/?s={search_term_string}"},"query-input":"required name=search_term_string"}],"inLanguage":"sv-SE"},{"@type":"Organization","@id":"https:\/\/arenagruppen.se\/produktivitetskommissionen\/#organization","name":"Facken inom industrins produktivitetskommission","url":"https:\/\/arenagruppen.se\/produktivitetskommissionen\/","logo":{"@type":"ImageObject","inLanguage":"sv-SE","@id":"https:\/\/arenagruppen.se\/produktivitetskommissionen\/#\/schema\/logo\/image\/","url":"https:\/\/arenagruppen.se\/produktivitetskommissionen\/wp-content\/uploads\/sites\/13\/2024\/02\/prodkom.png","contentUrl":"https:\/\/arenagruppen.se\/produktivitetskommissionen\/wp-content\/uploads\/sites\/13\/2024\/02\/prodkom.png","width":448,"height":367,"caption":"Facken inom industrins produktivitetskommission"},"image":{"@id":"https:\/\/arenagruppen.se\/produktivitetskommissionen\/#\/schema\/logo\/image\/"}}]}},"_links":{"self":[{"href":"https:\/\/arenagruppen.se\/produktivitetskommissionen\/wp-json\/wp\/v2\/pages\/5","targetHints":{"allow":["GET"]}}],"collection":[{"href":"https:\/\/arenagruppen.se\/produktivitetskommissionen\/wp-json\/wp\/v2\/pages"}],"about":[{"href":"https:\/\/arenagruppen.se\/produktivitetskommissionen\/wp-json\/wp\/v2\/types\/page"}],"author":[{"embeddable":true,"href":"https:\/\/arenagruppen.se\/produktivitetskommissionen\/wp-json\/wp\/v2\/users\/1"}],"replies":[{"embeddable":true,"href":"https:\/\/arenagruppen.se\/produktivitetskommissionen\/wp-json\/wp\/v2\/comments?post=5"}],"version-history":[{"count":6,"href":"https:\/\/arenagruppen.se\/produktivitetskommissionen\/wp-json\/wp\/v2\/pages\/5\/revisions"}],"predecessor-version":[{"id":80,"href":"https:\/\/arenagruppen.se\/produktivitetskommissionen\/wp-json\/wp\/v2\/pages\/5\/revisions\/80"}],"wp:attachment":[{"href":"https:\/\/arenagruppen.se\/produktivitetskommissionen\/wp-json\/wp\/v2\/media?parent=5"}],"curies":[{"name":"wp","href":"https:\/\/api.w.org\/{rel}","templated":true}]}}