{"id":18,"date":"2024-03-05T15:10:38","date_gmt":"2024-03-05T14:10:38","guid":{"rendered":"https:\/\/arenagruppen.se\/maktochvalstand\/?page_id=18"},"modified":"2024-11-26T16:00:04","modified_gmt":"2024-11-26T15:00:04","slug":"program","status":"publish","type":"page","link":"https:\/\/arenagruppen.se\/akademisk-frihet\/program\/","title":{"rendered":"Program"},"content":{"rendered":"\n<p>Moderatorer: Lisa Pelling, Arena Id\u00e9 och Ulrica Schenstr\u00f6m, Fores<\/p>\n\n\n\n<div class=\"wp-block-group has-global-padding is-layout-constrained wp-block-group-is-layout-constrained\">\n<figure class=\"wp-block-table is-style-stripes has-small-font-size\"><table style=\"border-style:none;border-width:0px\"><tbody><tr><td><strong>14:00<\/strong><\/td><td><strong>Del 1: Scene-setting<\/strong><\/td><td><\/td><\/tr><tr><td><\/td><td><strong>Europeiskt perspektiv<\/strong><br><a href=\"https:\/\/arenagruppen.se\/akademisk-frihet\/2024\/10\/16\/346\/\">Dani\u00e8le Joly<\/a>, <em>Professor Emeritus, Department of Sociology, University of Warwick<\/em><br><strong>Svenskt perspektiv<\/strong><br><a href=\"https:\/\/arenagruppen.se\/akademisk-frihet\/2024\/10\/16\/shirin-ahlback-oberg\/\">Shirin Ahlb\u00e4ck \u00d6berg<\/a>, <em>professor vid Statsvetenskapliga institutionen, Uppsala universitet<\/em><br><strong>Ett l\u00e4ros\u00e4tesperspektiv<\/strong><br><a href=\"https:\/\/arenagruppen.se\/akademisk-frihet\/2024\/10\/17\/kerstin-sahlin\/\">Kerstin Sahlin<\/a>, <em>Professor i f\u00f6retagsekonomi, s\u00e4rskilt offentlig organisation vid F\u00f6retagsekonomiska institutionen, Uppsala universitet<\/em><\/td><td><\/td><\/tr><tr><td><\/td><td><strong>Del 2: Fackliga perspektiv<\/strong><\/td><td><\/td><\/tr><tr><td><\/td><td><strong>Akademisk frihet \u00e4r s\u00e5 mycket mer \u00e4n cancelkultur<\/strong><br><a href=\"https:\/\/arenagruppen.se\/akademisk-frihet\/2024\/10\/17\/sanna-wolk\/\">Karin \u00c5mossa<\/a>, <em>samh\u00e4llspolitisk chef, SULF <\/em><br><a href=\"https:\/\/arenagruppen.se\/akademisk-frihet\/2024\/11\/26\/alejandra-pizarro-carrasco\/\">Alejandra Pizarro Carrasco<\/a>, f\u00f6rbundsstyrelseledamot, Fackf\u00f6rbundet ST<br><strong>Ett studentfackligt perspektiv: Varf\u00f6r \u00e4r detta viktigt f\u00f6r dagens studenter?<\/strong>&nbsp;<br><a href=\"https:\/\/arenagruppen.se\/akademisk-frihet\/2024\/10\/17\/rasmus-lindstedt\/\">Rasmus Lindstedt<\/a>, <em>ordf\u00f6rande f\u00f6r Sveriges f\u00f6renade studentk\u00e5rer<\/em><\/td><td><\/td><\/tr><tr><td><\/td><td><strong>Del 3: Intellektuella perspektiv<\/strong><\/td><td><\/td><\/tr><tr><td><\/td><td><a href=\"https:\/\/arenagruppen.se\/akademisk-frihet\/2024\/10\/17\/stefan-jonsson\/\">Stefan Jonsson<\/a>, <em>professor, avdelningschef f\u00f6r REMESO, Link\u00f6pings universitet<\/em><br><a href=\"https:\/\/arenagruppen.se\/akademisk-frihet\/2024\/10\/17\/ola-larsmo\/\">Ola Larsmo<\/a>, <em>f\u00f6rfattare och skribent<\/em><br><a href=\"https:\/\/arenagruppen.se\/akademisk-frihet\/2024\/10\/21\/linda-wedlin\/\">Linda Wedlin<\/a>, <em>professor vid F\u00f6retagsekonomiska institutionen, Uppsala universitet<\/em><br><a href=\"https:\/\/arenagruppen.se\/akademisk-frihet\/2024\/10\/17\/calle-nathanson\/\">Calle Nathanson<\/a>, <em>f\u00f6rfattare och debatt\u00f6r, koncernchef f\u00f6r ABF Stockholm<\/em><br><a href=\"https:\/\/arenagruppen.se\/akademisk-frihet\/2024\/11\/25\/amelie-von-zweigbergk\/\">Amelie von Zweigbergk<\/a>,<em> tidigare statssekreterare i Utbildningsdepartementet<\/em> <em>och ledamot i UNESCOs styrelse<\/em><br><a href=\"https:\/\/arenagruppen.se\/akademisk-frihet\/2024\/11\/22\/helena-lindholm\/\">Helena Lindholm<\/a>, <em>professor, prefekt vid Institutionen f\u00f6r till\u00e4mpad informationsteknologi, G\u00f6teborgs universitet<\/em><\/td><td><\/td><\/tr><tr><td>17:30<\/td><td><strong>Avslutande mingel<\/strong><\/td><td><\/td><\/tr><tr><td><\/td><td>Konferensen avslutas med mingel tillsammans med <a href=\"https:\/\/fores.se\/tisdagsklubben\/\">Tisdagsklubben<\/a> i Arenagruppens lokaler p\u00e5 Barnhusgatan 4. <strong><a href=\"https:\/\/mailchi.mp\/arenagruppen\/tisdagsklubben\">Anm\u00e4l dig till minglet h\u00e4r<\/a><\/strong><\/td><td><\/td><\/tr><\/tbody><\/table><figcaption class=\"wp-element-caption\"><br><em>Programmet uppdateras l\u00f6pande<\/em><\/figcaption><\/figure>\n\n\n\n<p><\/p>\n\n\n\n<p><\/p>\n<\/div>\n","protected":false},"excerpt":{"rendered":"<p>Moderatorer: Lisa Pelling, Arena Id\u00e9 och Ulrica Schenstr\u00f6m, Fores 14:00 Del 1: Scene-setting Europeiskt perspektivDani\u00e8le Joly, Professor Emeritus, Department of Sociology, University of WarwickSvenskt perspektivShirin Ahlb\u00e4ck \u00d6berg, professor vid Statsvetenskapliga institutionen, Uppsala universitetEtt l\u00e4ros\u00e4tesperspektivKerstin Sahlin, Professor i f\u00f6retagsekonomi, s\u00e4rskilt offentlig organisation vid F\u00f6retagsekonomiska institutionen, Uppsala universitet Del 2: Fackliga perspektiv Akademisk frihet \u00e4r s\u00e5 mycket [&hellip;]<\/p>\n","protected":false},"author":1,"featured_media":0,"parent":0,"menu_order":0,"comment_status":"closed","ping_status":"closed","template":"","meta":{"footnotes":""},"class_list":["post-18","page","type-page","status-publish","hentry"],"yoast_head":"<!-- This site is optimized with the Yoast SEO plugin v19.12 - https:\/\/yoast.com\/wordpress\/plugins\/seo\/ -->\n<title>Program - Akademisk frihet<\/title>\n<meta name=\"robots\" content=\"index, follow, max-snippet:-1, max-image-preview:large, max-video-preview:-1\" \/>\n<link rel=\"canonical\" href=\"https:\/\/arenagruppen.se\/akademisk-frihet\/program\/\" \/>\n<meta property=\"og:locale\" content=\"sv_SE\" \/>\n<meta property=\"og:type\" content=\"article\" \/>\n<meta property=\"og:title\" content=\"Program - Akademisk frihet\" \/>\n<meta property=\"og:description\" content=\"Moderatorer: Lisa Pelling, Arena Id\u00e9 och Ulrica Schenstr\u00f6m, Fores 14:00 Del 1: Scene-setting Europeiskt perspektivDani\u00e8le Joly, Professor Emeritus, Department of Sociology, University of WarwickSvenskt perspektivShirin Ahlb\u00e4ck \u00d6berg, professor vid Statsvetenskapliga institutionen, Uppsala universitetEtt l\u00e4ros\u00e4tesperspektivKerstin Sahlin, Professor i f\u00f6retagsekonomi, s\u00e4rskilt offentlig organisation vid F\u00f6retagsekonomiska institutionen, Uppsala universitet Del 2: Fackliga perspektiv Akademisk frihet \u00e4r s\u00e5 mycket [&hellip;]\" \/>\n<meta property=\"og:url\" content=\"https:\/\/arenagruppen.se\/akademisk-frihet\/program\/\" \/>\n<meta property=\"og:site_name\" content=\"Akademisk frihet\" \/>\n<meta property=\"article:modified_time\" content=\"2024-11-26T15:00:04+00:00\" \/>\n<meta name=\"twitter:card\" content=\"summary_large_image\" \/>\n<meta name=\"twitter:label1\" content=\"Ber\u00e4knad l\u00e4stid\" \/>\n\t<meta name=\"twitter:data1\" content=\"1 minut\" \/>\n<script type=\"application\/ld+json\" class=\"yoast-schema-graph\">{\"@context\":\"https:\/\/schema.org\",\"@graph\":[{\"@type\":\"WebPage\",\"@id\":\"https:\/\/arenagruppen.se\/akademisk-frihet\/program\/\",\"url\":\"https:\/\/arenagruppen.se\/akademisk-frihet\/program\/\",\"name\":\"Program - Akademisk frihet\",\"isPartOf\":{\"@id\":\"https:\/\/arenagruppen.se\/akademisk-frihet\/#website\"},\"datePublished\":\"2024-03-05T14:10:38+00:00\",\"dateModified\":\"2024-11-26T15:00:04+00:00\",\"breadcrumb\":{\"@id\":\"https:\/\/arenagruppen.se\/akademisk-frihet\/program\/#breadcrumb\"},\"inLanguage\":\"sv-SE\",\"potentialAction\":[{\"@type\":\"ReadAction\",\"target\":[\"https:\/\/arenagruppen.se\/akademisk-frihet\/program\/\"]}]},{\"@type\":\"BreadcrumbList\",\"@id\":\"https:\/\/arenagruppen.se\/akademisk-frihet\/program\/#breadcrumb\",\"itemListElement\":[{\"@type\":\"ListItem\",\"position\":1,\"name\":\"Hem\",\"item\":\"https:\/\/arenagruppen.se\/akademisk-frihet\/\"},{\"@type\":\"ListItem\",\"position\":2,\"name\":\"Program\"}]},{\"@type\":\"WebSite\",\"@id\":\"https:\/\/arenagruppen.se\/akademisk-frihet\/#website\",\"url\":\"https:\/\/arenagruppen.se\/akademisk-frihet\/\",\"name\":\"Akademisk frihet\",\"description\":\"Europeiska, svenska och fackliga perspektiv p\u00e5 hoten mot den akademiska friheten.\",\"publisher\":{\"@id\":\"https:\/\/arenagruppen.se\/akademisk-frihet\/#organization\"},\"potentialAction\":[{\"@type\":\"SearchAction\",\"target\":{\"@type\":\"EntryPoint\",\"urlTemplate\":\"https:\/\/arenagruppen.se\/akademisk-frihet\/?s={search_term_string}\"},\"query-input\":\"required name=search_term_string\"}],\"inLanguage\":\"sv-SE\"},{\"@type\":\"Organization\",\"@id\":\"https:\/\/arenagruppen.se\/akademisk-frihet\/#organization\",\"name\":\"Akademisk frihet\",\"url\":\"https:\/\/arenagruppen.se\/akademisk-frihet\/\",\"logo\":{\"@type\":\"ImageObject\",\"inLanguage\":\"sv-SE\",\"@id\":\"https:\/\/arenagruppen.se\/akademisk-frihet\/#\/schema\/logo\/image\/\",\"url\":\"https:\/\/arenagruppen.se\/akademisk-frihet\/wp-content\/uploads\/sites\/16\/2024\/10\/resurs-5.png\",\"contentUrl\":\"https:\/\/arenagruppen.se\/akademisk-frihet\/wp-content\/uploads\/sites\/16\/2024\/10\/resurs-5.png\",\"width\":18688,\"height\":2921,\"caption\":\"Akademisk frihet\"},\"image\":{\"@id\":\"https:\/\/arenagruppen.se\/akademisk-frihet\/#\/schema\/logo\/image\/\"}}]}<\/script>\n<!-- \/ Yoast SEO plugin. -->","yoast_head_json":{"title":"Program - Akademisk frihet","robots":{"index":"index","follow":"follow","max-snippet":"max-snippet:-1","max-image-preview":"max-image-preview:large","max-video-preview":"max-video-preview:-1"},"canonical":"https:\/\/arenagruppen.se\/akademisk-frihet\/program\/","og_locale":"sv_SE","og_type":"article","og_title":"Program - Akademisk frihet","og_description":"Moderatorer: Lisa Pelling, Arena Id\u00e9 och Ulrica Schenstr\u00f6m, Fores 14:00 Del 1: Scene-setting Europeiskt perspektivDani\u00e8le Joly, Professor Emeritus, Department of Sociology, University of WarwickSvenskt perspektivShirin Ahlb\u00e4ck \u00d6berg, professor vid Statsvetenskapliga institutionen, Uppsala universitetEtt l\u00e4ros\u00e4tesperspektivKerstin Sahlin, Professor i f\u00f6retagsekonomi, s\u00e4rskilt offentlig organisation vid F\u00f6retagsekonomiska institutionen, Uppsala universitet Del 2: Fackliga perspektiv Akademisk frihet \u00e4r s\u00e5 mycket [&hellip;]","og_url":"https:\/\/arenagruppen.se\/akademisk-frihet\/program\/","og_site_name":"Akademisk frihet","article_modified_time":"2024-11-26T15:00:04+00:00","twitter_card":"summary_large_image","twitter_misc":{"Ber\u00e4knad l\u00e4stid":"1 minut"},"schema":{"@context":"https:\/\/schema.org","@graph":[{"@type":"WebPage","@id":"https:\/\/arenagruppen.se\/akademisk-frihet\/program\/","url":"https:\/\/arenagruppen.se\/akademisk-frihet\/program\/","name":"Program - Akademisk frihet","isPartOf":{"@id":"https:\/\/arenagruppen.se\/akademisk-frihet\/#website"},"datePublished":"2024-03-05T14:10:38+00:00","dateModified":"2024-11-26T15:00:04+00:00","breadcrumb":{"@id":"https:\/\/arenagruppen.se\/akademisk-frihet\/program\/#breadcrumb"},"inLanguage":"sv-SE","potentialAction":[{"@type":"ReadAction","target":["https:\/\/arenagruppen.se\/akademisk-frihet\/program\/"]}]},{"@type":"BreadcrumbList","@id":"https:\/\/arenagruppen.se\/akademisk-frihet\/program\/#breadcrumb","itemListElement":[{"@type":"ListItem","position":1,"name":"Hem","item":"https:\/\/arenagruppen.se\/akademisk-frihet\/"},{"@type":"ListItem","position":2,"name":"Program"}]},{"@type":"WebSite","@id":"https:\/\/arenagruppen.se\/akademisk-frihet\/#website","url":"https:\/\/arenagruppen.se\/akademisk-frihet\/","name":"Akademisk frihet","description":"Europeiska, svenska och fackliga perspektiv p\u00e5 hoten mot den akademiska friheten.","publisher":{"@id":"https:\/\/arenagruppen.se\/akademisk-frihet\/#organization"},"potentialAction":[{"@type":"SearchAction","target":{"@type":"EntryPoint","urlTemplate":"https:\/\/arenagruppen.se\/akademisk-frihet\/?s={search_term_string}"},"query-input":"required name=search_term_string"}],"inLanguage":"sv-SE"},{"@type":"Organization","@id":"https:\/\/arenagruppen.se\/akademisk-frihet\/#organization","name":"Akademisk frihet","url":"https:\/\/arenagruppen.se\/akademisk-frihet\/","logo":{"@type":"ImageObject","inLanguage":"sv-SE","@id":"https:\/\/arenagruppen.se\/akademisk-frihet\/#\/schema\/logo\/image\/","url":"https:\/\/arenagruppen.se\/akademisk-frihet\/wp-content\/uploads\/sites\/16\/2024\/10\/resurs-5.png","contentUrl":"https:\/\/arenagruppen.se\/akademisk-frihet\/wp-content\/uploads\/sites\/16\/2024\/10\/resurs-5.png","width":18688,"height":2921,"caption":"Akademisk frihet"},"image":{"@id":"https:\/\/arenagruppen.se\/akademisk-frihet\/#\/schema\/logo\/image\/"}}]}},"_links":{"self":[{"href":"https:\/\/arenagruppen.se\/akademisk-frihet\/wp-json\/wp\/v2\/pages\/18","targetHints":{"allow":["GET"]}}],"collection":[{"href":"https:\/\/arenagruppen.se\/akademisk-frihet\/wp-json\/wp\/v2\/pages"}],"about":[{"href":"https:\/\/arenagruppen.se\/akademisk-frihet\/wp-json\/wp\/v2\/types\/page"}],"author":[{"embeddable":true,"href":"https:\/\/arenagruppen.se\/akademisk-frihet\/wp-json\/wp\/v2\/users\/1"}],"replies":[{"embeddable":true,"href":"https:\/\/arenagruppen.se\/akademisk-frihet\/wp-json\/wp\/v2\/comments?post=18"}],"version-history":[{"count":9,"href":"https:\/\/arenagruppen.se\/akademisk-frihet\/wp-json\/wp\/v2\/pages\/18\/revisions"}],"predecessor-version":[{"id":531,"href":"https:\/\/arenagruppen.se\/akademisk-frihet\/wp-json\/wp\/v2\/pages\/18\/revisions\/531"}],"wp:attachment":[{"href":"https:\/\/arenagruppen.se\/akademisk-frihet\/wp-json\/wp\/v2\/media?parent=18"}],"curies":[{"name":"wp","href":"https:\/\/api.w.org\/{rel}","templated":true}]}}